{"id":542,"date":"2018-10-05T12:36:56","date_gmt":"2018-10-05T12:36:56","guid":{"rendered":"http:\/\/www.antrodesign.com\/?page_id=542"},"modified":"2018-10-05T12:54:42","modified_gmt":"2018-10-05T12:54:42","slug":"servicios","status":"publish","type":"page","link":"https:\/\/www.antrodesign.com\/index.php\/servicios\/","title":{"rendered":"SERVICIOS"},"content":{"rendered":"<p>Nuestros servicios b\u00e1sicos son<strong> Interiorismo comercial, decoraci\u00f3n, reformas integrales y home staging.<\/strong><\/p>\n<p>Gracias a nuestro trabajo en distribuci\u00f3n de espacios, tu entorno se ver\u00e1 m\u00e1s grande, ser\u00e1 m\u00e1s \u00fatil y m\u00e1s c\u00f3modo, y su belleza ser\u00e1 la tuya.<\/p>\n<p>Tu negocio ser\u00e1 m\u00e1s rentable porque sacaremos todo el partido a cada rinc\u00f3n disponible, a trav\u00e9s de una propuesta de planta de distribuci\u00f3n que te har\u00e1 ganar m\u00e1s dinero, y su dise\u00f1o reflejar\u00e1 el car\u00e1cter de tu empresa, y ser\u00e1 \u00fanico. Porque s\u00f3lo aportando un valor diferencial conseguimos sobresalir de la competencia.<\/p>\n<p><strong>\u00bfC\u00f3mo lo hacemos?<\/strong><\/p>\n<p>Muy sencillo.<\/p>\n<p><strong>STEP 1:<\/strong> Nos llamas, concertamos una cita en el espacio que necesites trabajar, y nos cuentas. Hablaremos de todo y de nada a veces, la conversaci\u00f3n m\u00e1s banal es tan importante como cualquier otra, porque lo que nos interesa es conocerte de verdad, porque de tus costumbres y man\u00edas, junto con tus necesidades, saldr\u00e1 un nuevo proyecto de vida. Un cambio que siempre es a mejor.<\/p>\n<p>Esta primera visita es gratuita salvo que necesitemos un avi\u00f3n para ir a verte&#8230; Aunque no te preocupes porque hoy en d\u00eda la tecnolog\u00eda est\u00e1 de nuestra parte y hasta eso tiene soluci\u00f3n.<\/p>\n<p><strong>STEP 2:<\/strong> Te facilitamos un presupuesto de honorarios para que veas lo que cuesta nuestro trabajo de dise\u00f1o. Es importante que sepas que, salvo casos especiales del contract, en este paso no tendremos un presupuesto cerrado de proyecto. S\u00f3lo ser\u00e1n nuestros honorarios.<\/p>\n<p><strong>STEP 3:<\/strong> Nos contratas, si quieres claro.<\/p>\n<p><strong>STEP 4:<\/strong> Una vez realizado el primer pago, correremos a medir tu espacio, sacaremos planos del estado actual, y todo habr\u00e1 empezado de verdad. A partir de aqu\u00ed s\u00f3lo tendr\u00e1s que preocuparte de establecer un presupuesto, de decir lo que te gusta y lo que no, y por supuesto de ir pagando conforme vaya siendo necesario.<\/p>\n<p><strong>STEP 5:<\/strong> Terminamos el proyecto, hacemos fotos, y ya s\u00f3lo tendr\u00e1s que dedicarte a vivir en tu nuevo habitat.<\/p>\n<p>Te acompa\u00f1amos en todo el proceso para que todo el estr\u00e9s se desvanezca, iremos de compras, y crearemos juntos tu nuevo proyecto. Sabemos que est\u00e1is confi\u00e1ndolo todo en nostros, y no s\u00f3lo nos llena de orgullo, nos hace fuertes. Esa confianza es el impulso diario, es lo que nos lleva a dejarnos la piel en cada proyecto.<\/p>\n<p>Si a\u00fan quedan dudas, ponte en contacto con nosotros y las resolvemos.<\/p>\n","protected":false},"excerpt":{"rendered":"<p>Nuestros servicios b\u00e1sicos son Interiorismo comercial, decoraci\u00f3n, reformas integrales y home staging. Gracias a nuestro trabajo en distribuci\u00f3n de espacios, tu entorno se ver\u00e1 m\u00e1s grande, ser\u00e1 m\u00e1s \u00fatil y m\u00e1s c\u00f3modo, y su belleza ser\u00e1 la tuya. Tu negocio ser\u00e1 m\u00e1s rentable porque sacaremos todo el partido a cada rinc\u00f3n disponible, a trav\u00e9s de [&hellip;]<\/p>\n","protected":false},"author":1,"featured_media":0,"parent":0,"menu_order":5,"comment_status":"closed","ping_status":"closed","template":"","meta":{"spay_email":""},"jetpack_sharing_enabled":true,"jetpack_shortlink":"https:\/\/wp.me\/P93zJu-8K","_links":{"self":[{"href":"https:\/\/www.antrodesign.com\/index.php\/wp-json\/wp\/v2\/pages\/542"}],"collection":[{"href":"https:\/\/www.antrodesign.com\/index.php\/wp-json\/wp\/v2\/pages"}],"about":[{"href":"https:\/\/www.antrodesign.com\/index.php\/wp-json\/wp\/v2\/types\/page"}],"author":[{"embeddable":true,"href":"https:\/\/www.antrodesign.com\/index.php\/wp-json\/wp\/v2\/users\/1"}],"replies":[{"embeddable":true,"href":"https:\/\/www.antrodesign.com\/index.php\/wp-json\/wp\/v2\/comments?post=542"}],"version-history":[{"count":5,"href":"https:\/\/www.antrodesign.com\/index.php\/wp-json\/wp\/v2\/pages\/542\/revisions"}],"predecessor-version":[{"id":547,"href":"https:\/\/www.antrodesign.com\/index.php\/wp-json\/wp\/v2\/pages\/542\/revisions\/547"}],"wp:attachment":[{"href":"https:\/\/www.antrodesign.com\/index.php\/wp-json\/wp\/v2\/media?parent=542"}],"curies":[{"name":"wp","href":"https:\/\/api.w.org\/{rel}","templated":true}]}}