{"id":86,"date":"2017-09-23T17:36:31","date_gmt":"2017-09-23T17:36:31","guid":{"rendered":"http:\/\/www.antrodesign.com\/?page_id=86"},"modified":"2018-10-05T12:24:10","modified_gmt":"2018-10-05T12:24:10","slug":"inicio","status":"publish","type":"page","link":"https:\/\/www.antrodesign.com\/index.php\/inicio\/","title":{"rendered":"NOSOTROS"},"content":{"rendered":"<p>Antro Design surge por la total y completa adicci\u00f3n al dise\u00f1o.<\/p>\n<p>Nuestro valor diferencial es la visi\u00f3n espacial y est\u00e9tica. Gracias a nuestro trabajo en los planos de distribuci\u00f3n, tu espacio se ver\u00e1 m\u00e1s grande, ser\u00e1 m\u00e1s c\u00f3modo, y podr\u00e1s sacarle mayor rentabilidad. Visualizamos el espacio y sus acabados en base a tu estilo, a tus gustos y expectativas, sin imponer\u00a0ning\u00fan criterio est\u00e9tico que no tenga que ver con el cliente. Todos nuestros trabajos son nuestros, pero ninguno es para nosotros, y tan s\u00f3lo buscamos que tu estilo y personalidad se reflejen en ese proyecto bajo un criterio de conjunto que s\u00f3lo un profesional puede ofrecerte.<\/p>\n<p>En Antro Design s\u00f3lo decimos un NO, y es a la copia. No copiamos ni reproducimos piezas de dise\u00f1o. Conocemos el mercado y sabemos dar las suficientes opciones como para no copiar, y tenemos ingenio y creatividad de sobra como para crear una pieza que ser\u00e1 mucho m\u00e1s exclusiva que cualquier icono del dise\u00f1o. Entendemos la exclusividad como algo \u00fanico, uno. Te daremos esa exclusividad a trav\u00e9s de un dise\u00f1o a medida al que nadie m\u00e1s tendr\u00e1 acceso, porque estar\u00e1 hecho s\u00f3lo para ti, s\u00f3lo te servir\u00e1 a ti, y a nadie le gustar\u00e1 m\u00e1s que a ti.<\/p>\n<p>Dise\u00f1amos a medida gran parte de nuestros proyectos, y lo completamos con piezas seleccionadas que cierren el dise\u00f1o.<\/p>\n<p>Nos gusta lo arriesgado, lo que es diferente, como el dise\u00f1o gamberro de Seletti, todo un referente para nosotros, e incluso en los espacios m\u00e1s refinados, nos encanta introducir piezas disruptivas con el resto que arranquen una sonrisa, un wow! Todo depender\u00e1 de ti, pero tenemos claro que s\u00f3lo gana el que arriesga, y estamos para acompa\u00f1arte en ese proceso y hacer de tu espacio algo especial. Estamos para controlar ese riesgo y que tu apuesta sea un acierto seguro.<\/p>\n<p>No te puedes llegar a imaginar las posibilidades que tiene el interior que habitas.<\/p>\n<p>Creamos espacios emocionales, exclusivamente personalizados.<\/p>\n<p>Elegante, sensorial, y un punto irreverente.<\/p>\n<p>Welcome to ANTRO<\/p>\n","protected":false},"excerpt":{"rendered":"<p>Antro Design surge por la total y completa adicci\u00f3n al dise\u00f1o. Nuestro valor diferencial es la visi\u00f3n espacial y est\u00e9tica. Gracias a nuestro trabajo en los planos de distribuci\u00f3n, tu espacio se ver\u00e1 m\u00e1s grande, ser\u00e1 m\u00e1s c\u00f3modo, y podr\u00e1s sacarle mayor rentabilidad. Visualizamos el espacio y sus acabados en base a tu estilo, a [&hellip;]<\/p>\n","protected":false},"author":1,"featured_media":0,"parent":0,"menu_order":10,"comment_status":"closed","ping_status":"closed","template":"","meta":{"spay_email":""},"jetpack_sharing_enabled":true,"jetpack_shortlink":"https:\/\/wp.me\/P93zJu-1o","_links":{"self":[{"href":"https:\/\/www.antrodesign.com\/index.php\/wp-json\/wp\/v2\/pages\/86"}],"collection":[{"href":"https:\/\/www.antrodesign.com\/index.php\/wp-json\/wp\/v2\/pages"}],"about":[{"href":"https:\/\/www.antrodesign.com\/index.php\/wp-json\/wp\/v2\/types\/page"}],"author":[{"embeddable":true,"href":"https:\/\/www.antrodesign.com\/index.php\/wp-json\/wp\/v2\/users\/1"}],"replies":[{"embeddable":true,"href":"https:\/\/www.antrodesign.com\/index.php\/wp-json\/wp\/v2\/comments?post=86"}],"version-history":[{"count":7,"href":"https:\/\/www.antrodesign.com\/index.php\/wp-json\/wp\/v2\/pages\/86\/revisions"}],"predecessor-version":[{"id":541,"href":"https:\/\/www.antrodesign.com\/index.php\/wp-json\/wp\/v2\/pages\/86\/revisions\/541"}],"wp:attachment":[{"href":"https:\/\/www.antrodesign.com\/index.php\/wp-json\/wp\/v2\/media?parent=86"}],"curies":[{"name":"wp","href":"https:\/\/api.w.org\/{rel}","templated":true}]}}