{"id":89,"date":"2017-09-23T17:37:00","date_gmt":"2017-09-23T17:37:00","guid":{"rendered":"http:\/\/www.antrodesign.com\/?page_id=89"},"modified":"2017-09-27T11:21:22","modified_gmt":"2017-09-27T11:21:22","slug":"proyectos","status":"publish","type":"page","link":"https:\/\/www.antrodesign.com\/index.php\/proyectos\/","title":{"rendered":"PROYECTOS"},"content":{"rendered":"<p>Tratamos cada proyecto desde una hoja en blanco, sin ideas preconcebidas que puedan sesgar nuestra creatividad, para ofrecer a nuestro cliente la mejor soluci\u00f3n posible.<\/p>\n<p>Nuestros proyectos se caracterizan por su exclusividad, conseguida a trav\u00e9s de la personalizaci\u00f3n, que nos lleva a dise\u00f1ar piezas \u00fanicas, ideadas para cada cliente, para cada espacio y situaci\u00f3n.<\/p>\n<p><strong>Dise\u00f1amos s\u00f3lo para ti, para que nadie m\u00e1s pueda tenerlo.<\/strong><\/p>\n","protected":false},"excerpt":{"rendered":"<p>Tratamos cada proyecto desde una hoja en blanco, sin ideas preconcebidas que puedan sesgar nuestra creatividad, para ofrecer a nuestro cliente la mejor soluci\u00f3n posible. Nuestros proyectos se caracterizan por su exclusividad, conseguida a trav\u00e9s de la personalizaci\u00f3n, que nos lleva a dise\u00f1ar piezas \u00fanicas, ideadas para cada cliente, para cada espacio y situaci\u00f3n. Dise\u00f1amos [&hellip;]<\/p>\n","protected":false},"author":1,"featured_media":0,"parent":0,"menu_order":20,"comment_status":"closed","ping_status":"closed","template":"","meta":{"spay_email":""},"jetpack_sharing_enabled":true,"jetpack_shortlink":"https:\/\/wp.me\/P93zJu-1r","_links":{"self":[{"href":"https:\/\/www.antrodesign.com\/index.php\/wp-json\/wp\/v2\/pages\/89"}],"collection":[{"href":"https:\/\/www.antrodesign.com\/index.php\/wp-json\/wp\/v2\/pages"}],"about":[{"href":"https:\/\/www.antrodesign.com\/index.php\/wp-json\/wp\/v2\/types\/page"}],"author":[{"embeddable":true,"href":"https:\/\/www.antrodesign.com\/index.php\/wp-json\/wp\/v2\/users\/1"}],"replies":[{"embeddable":true,"href":"https:\/\/www.antrodesign.com\/index.php\/wp-json\/wp\/v2\/comments?post=89"}],"version-history":[{"count":3,"href":"https:\/\/www.antrodesign.com\/index.php\/wp-json\/wp\/v2\/pages\/89\/revisions"}],"predecessor-version":[{"id":150,"href":"https:\/\/www.antrodesign.com\/index.php\/wp-json\/wp\/v2\/pages\/89\/revisions\/150"}],"wp:attachment":[{"href":"https:\/\/www.antrodesign.com\/index.php\/wp-json\/wp\/v2\/media?parent=89"}],"curies":[{"name":"wp","href":"https:\/\/api.w.org\/{rel}","templated":true}]}}