{"id":92,"date":"2017-09-23T17:37:33","date_gmt":"2017-09-23T17:37:33","guid":{"rendered":"http:\/\/www.antrodesign.com\/?page_id=92"},"modified":"2021-04-21T20:51:21","modified_gmt":"2021-04-21T20:51:21","slug":"ubicaiframe-srchttps-www-google-com-maps-embedpb1m181m121m31d1523-98868114547422d-3-69411093481002343d40-426029080623922m31f02f03f03m21i10242i7684f13-13m31m21s0xd42288e4c3527170x389ea2ce4ee4eb3e2scall","status":"publish","type":"page","link":"https:\/\/www.antrodesign.com\/index.php\/ubicaiframe-srchttps-www-google-com-maps-embedpb1m181m121m31d1523-98868114547422d-3-69411093481002343d40-426029080623922m31f02f03f03m21i10242i7684f13-13m31m21s0xd42288e4c3527170x389ea2ce4ee4eb3e2scall\/","title":{"rendered":"UBICACI\u00d3N"},"content":{"rendered":"<p>Nuestro Showroom de Madrid es impresionante. Ubicado en una de las mejores zonas del centro de Madrid, en El Barrio de Justicia, Calle Orellana 14, 28004, Madrid.<\/p>\n<p>En el showroom encontrar\u00e1s dos plantas dedicadas al dise\u00f1o de cocinas a medida, dise\u00f1o de mobiliario e iluminaci\u00f3n, las \u00faltimas novedades en materiales, papeles pintados y textiles. Podr\u00e1s construir tu hogar, tu oficina, o ese negocio que con tanta pasi\u00f3n est\u00e1s levantando. Vis\u00edtanos y ver\u00e1s.<\/p>\n<p>&nbsp;<\/p>\n\n\n<p><\/p>\n","protected":false},"excerpt":{"rendered":"<p>Nuestro Showroom de Madrid es impresionante. Ubicado en una de las mejores zonas del centro de Madrid, en El Barrio de Justicia, Calle Orellana 14, 28004, Madrid. En el showroom encontrar\u00e1s dos plantas dedicadas al dise\u00f1o de cocinas a medida, dise\u00f1o de mobiliario e iluminaci\u00f3n, las \u00faltimas novedades en materiales, papeles pintados y textiles. Podr\u00e1s [&hellip;]<\/p>\n","protected":false},"author":1,"featured_media":0,"parent":0,"menu_order":70,"comment_status":"closed","ping_status":"closed","template":"","meta":{"spay_email":""},"jetpack_sharing_enabled":true,"jetpack_shortlink":"https:\/\/wp.me\/P93zJu-1u","_links":{"self":[{"href":"https:\/\/www.antrodesign.com\/index.php\/wp-json\/wp\/v2\/pages\/92"}],"collection":[{"href":"https:\/\/www.antrodesign.com\/index.php\/wp-json\/wp\/v2\/pages"}],"about":[{"href":"https:\/\/www.antrodesign.com\/index.php\/wp-json\/wp\/v2\/types\/page"}],"author":[{"embeddable":true,"href":"https:\/\/www.antrodesign.com\/index.php\/wp-json\/wp\/v2\/users\/1"}],"replies":[{"embeddable":true,"href":"https:\/\/www.antrodesign.com\/index.php\/wp-json\/wp\/v2\/comments?post=92"}],"version-history":[{"count":7,"href":"https:\/\/www.antrodesign.com\/index.php\/wp-json\/wp\/v2\/pages\/92\/revisions"}],"predecessor-version":[{"id":797,"href":"https:\/\/www.antrodesign.com\/index.php\/wp-json\/wp\/v2\/pages\/92\/revisions\/797"}],"wp:attachment":[{"href":"https:\/\/www.antrodesign.com\/index.php\/wp-json\/wp\/v2\/media?parent=92"}],"curies":[{"name":"wp","href":"https:\/\/api.w.org\/{rel}","templated":true}]}}